{"id":36,"date":"2025-08-10T06:05:39","date_gmt":"2025-08-10T06:05:39","guid":{"rendered":"https:\/\/usalocalhub.site\/wise-r\/?page_id=36"},"modified":"2025-08-17T13:24:47","modified_gmt":"2025-08-17T13:24:47","slug":"about-us","status":"publish","type":"page","link":"https:\/\/wise-r.com\/hr\/about-us\/","title":{"rendered":"O nama"},"content":{"rendered":"<div data-elementor-type=\"wp-page\" data-elementor-id=\"36\" class=\"elementor elementor-36\" data-elementor-post-type=\"page\">\n\t\t\t\t<div class=\"elementor-element elementor-element-84ba0a8 e-flex e-con-boxed e-con e-parent\" data-id=\"84ba0a8\" data-element_type=\"container\" data-e-type=\"container\" data-settings=\"{&quot;background_background&quot;:&quot;classic&quot;}\">\n\t\t\t\t\t<div class=\"e-con-inner\">\n\t\t<div class=\"elementor-element elementor-element-05d7ef6 e-con-full e-flex e-con e-child\" data-id=\"05d7ef6\" data-element_type=\"container\" data-e-type=\"container\" data-settings=\"{&quot;background_background&quot;:&quot;classic&quot;}\">\n\t\t\t\t<div class=\"elementor-element elementor-element-115e032 elementor-widget__width-initial elementor-widget-mobile__width-inherit elementor-widget elementor-widget-heading\" data-id=\"115e032\" data-element_type=\"widget\" data-e-type=\"widget\" data-widget_type=\"heading.default\">\n\t\t\t\t\t<h1 class=\"elementor-heading-title elementor-size-default\">Upoznajte tim koji stoji iza va\u0161eg putovanja u kiberneti\u010dku sigurnost<\/h1>\t\t\t\t<\/div>\n\t\t\t\t<div class=\"elementor-element elementor-element-dc278d9 elementor-widget__width-initial elementor-widget-mobile__width-inherit elementor-widget elementor-widget-text-editor\" data-id=\"dc278d9\" data-element_type=\"widget\" data-e-type=\"widget\" data-widget_type=\"text-editor.default\">\n\t\t\t\t\t\t\t\t\tWise-r je tim stru\u010dnjaka koji okuplja iskusne profesionalce iz podru\u010dja kiberneti\u010dke sigurnosti i obrazovanja. Sjedi\u0161te nam je u Zagrebu, Hrvatska, a na\u0161e usluge dostupne su klijentima u regiji i diljem svijeta.\n\nNa\u0161 tim \u010dine certificirani stru\u010dnjaci (CISSP, CISM i drugi) s jednim zajedni\u010dkim ciljem: Pomo\u0107i va\u0161oj organizaciji u izgradnji sna\u017enog \"ljudskog vatrozida\" protiv kiberneti\u010dkih prijetnji.\n\nPonosimo se time \u0161to tehni\u010dko znanje kombiniramo s pedago\u0161kim pristupom \u2013 \u010dine\u0107i slo\u017eene teme iz sigurnosti razumljivima i primjenjivima za svakog korisnika.\n\t\t\t\t\t\t\t\t<\/div>\n\t\t\t\t<div class=\"elementor-element elementor-element-e23f003 elementor-widget__width-initial elementor-widget-mobile__width-inherit elementor-widget elementor-widget-text-editor\" data-id=\"e23f003\" data-element_type=\"widget\" data-e-type=\"widget\" data-widget_type=\"text-editor.default\">\n\t\t\t\t\t\t\t\t\tNa\u0161a misija je pove\u0107ati otpornost organizacija na kiberneti\u010dke napade kroz kontinuiranu edukaciju zaposlenika. Vjerujemo da tehnologija sama po sebi nije dovoljna \u2013 ljudi su klju\u010dni element sigurnosti.\n\nZato gradimo kulturu sigurnosti u kojoj svaki zaposlenik razumije svoju ulogu u za\u0161titi tvrtke.\n\nKroz partnerstva s vode\u0107im globalnim platformama, poput Goldphish, te uskla\u0111enost s industrijskim smjernicama, osiguravamo da na\u0161i klijenti uvijek imaju najmodernije i najrelevantnije rje\u0161enje.\n\t\t\t\t\t\t\t\t<\/div>\n\t\t<div class=\"elementor-element elementor-element-c87c0c6 e-con-full e-flex e-con e-child\" data-id=\"c87c0c6\" data-element_type=\"container\" data-e-type=\"container\">\n\t\t\t\t<div class=\"elementor-element elementor-element-c0fe441 elementor-align-justify elementor-widget__width-initial elementor-widget-mobile__width-inherit elementor-widget elementor-widget-button\" data-id=\"c0fe441\" data-element_type=\"widget\" data-e-type=\"widget\" data-widget_type=\"button.default\">\n\t\t\t\t\t\t\t\t\t\t<a class=\"elementor-button elementor-button-link elementor-size-sm\" href=\"https:\/\/wise-r.com\/hr\/free-training\/\">\n\t\t\t\t\t\t<span class=\"elementor-button-content-wrapper\">\n\t\t\t\t\t\t\t\t\t<span class=\"elementor-button-text\">Pokrenite besplatni trening<\/span>\n\t\t\t\t\t<\/span>\n\t\t\t\t\t<\/a>\n\t\t\t\t\t\t\t\t<\/div>\n\t\t\t\t<div class=\"elementor-element elementor-element-af79774 elementor-align-justify elementor-widget__width-initial elementor-widget-mobile__width-inherit elementor-widget elementor-widget-button\" data-id=\"af79774\" data-element_type=\"widget\" data-e-type=\"widget\" data-widget_type=\"button.default\">\n\t\t\t\t\t\t\t\t\t\t<a class=\"elementor-button elementor-button-link elementor-size-sm\" href=\"https:\/\/wise-r.com\/hr\/about-us\/\">\n\t\t\t\t\t\t<span class=\"elementor-button-content-wrapper\">\n\t\t\t\t\t\t\t\t\t<span class=\"elementor-button-text\">O nama<\/span>\n\t\t\t\t\t<\/span>\n\t\t\t\t\t<\/a>\n\t\t\t\t\t\t\t\t<\/div>\n\t\t\t\t<\/div>\n\t\t\t\t<\/div>\n\t\t\t\t\t<\/div>\n\t\t\t\t<\/div>\n\t\t\t\t<\/div>","protected":false},"excerpt":{"rendered":"<p>Meet the Team Behind Your Cybersecurity Journey Wise-r is a team of experts comprised of seasoned professionals in the field of cybersecurity and education. We are headquartered in Zagreb, Croatia, and our services are available to clients across the region and worldwide. We bring together certified specialists (CISSP, CISM, and others) with one goal: to [&hellip;]<\/p>\n","protected":false},"author":1,"featured_media":0,"parent":0,"menu_order":0,"comment_status":"closed","ping_status":"closed","template":"elementor_header_footer","meta":{"footnotes":""},"class_list":["post-36","page","type-page","status-publish","hentry"],"_links":{"self":[{"href":"https:\/\/wise-r.com\/hr\/wp-json\/wp\/v2\/pages\/36","targetHints":{"allow":["GET"]}}],"collection":[{"href":"https:\/\/wise-r.com\/hr\/wp-json\/wp\/v2\/pages"}],"about":[{"href":"https:\/\/wise-r.com\/hr\/wp-json\/wp\/v2\/types\/page"}],"author":[{"embeddable":true,"href":"https:\/\/wise-r.com\/hr\/wp-json\/wp\/v2\/users\/1"}],"replies":[{"embeddable":true,"href":"https:\/\/wise-r.com\/hr\/wp-json\/wp\/v2\/comments?post=36"}],"version-history":[{"count":136,"href":"https:\/\/wise-r.com\/hr\/wp-json\/wp\/v2\/pages\/36\/revisions"}],"predecessor-version":[{"id":1426,"href":"https:\/\/wise-r.com\/hr\/wp-json\/wp\/v2\/pages\/36\/revisions\/1426"}],"wp:attachment":[{"href":"https:\/\/wise-r.com\/hr\/wp-json\/wp\/v2\/media?parent=36"}],"curies":[{"name":"wp","href":"https:\/\/api.w.org\/{rel}","templated":true}]}}