{"id":19,"date":"2025-08-10T06:00:32","date_gmt":"2025-08-10T06:00:32","guid":{"rendered":"https:\/\/usalocalhub.site\/wise-r\/?page_id=19"},"modified":"2025-08-14T08:48:30","modified_gmt":"2025-08-14T08:48:30","slug":"content-only","status":"publish","type":"page","link":"https:\/\/wise-r.com\/hr\/content-only\/","title":{"rendered":"Samo sadr\u017eaj"},"content":{"rendered":"<div data-elementor-type=\"wp-page\" data-elementor-id=\"19\" class=\"elementor elementor-19\" data-elementor-post-type=\"page\">\n\t\t\t\t<div class=\"elementor-element elementor-element-14c6877 e-flex e-con-boxed e-con e-parent\" data-id=\"14c6877\" data-element_type=\"container\" data-e-type=\"container\" data-settings=\"{&quot;background_background&quot;:&quot;classic&quot;}\">\n\t\t\t\t\t<div class=\"e-con-inner\">\n\t\t<div class=\"elementor-element elementor-element-2f4fc1b e-con-full e-flex e-con e-child\" data-id=\"2f4fc1b\" data-element_type=\"container\" data-e-type=\"container\" data-settings=\"{&quot;background_background&quot;:&quot;classic&quot;}\">\n\t\t\t\t<div class=\"elementor-element elementor-element-9d447b4 elementor-widget__width-initial elementor-widget-mobile__width-inherit elementor-widget elementor-widget-heading\" data-id=\"9d447b4\" data-element_type=\"widget\" data-e-type=\"widget\" data-widget_type=\"heading.default\">\n\t\t\t\t\t<h1 class=\"elementor-heading-title elementor-size-default\">Pove\u0107ajte svijest uz sadr\u017eaj koji ostavlja trajan dojam<\/h1>\t\t\t\t<\/div>\n\t\t\t\t<div class=\"elementor-element elementor-element-080d7d7 elementor-widget__width-initial elementor-widget-mobile__width-inherit elementor-widget elementor-widget-text-editor\" data-id=\"080d7d7\" data-element_type=\"widget\" data-e-type=\"widget\" data-widget_type=\"text-editor.default\">\n\t\t\t\t\t\t\t\t\tO\u017eivite kulturu kiberneti\u010dke budnosti uz na\u0161u dinami\u010dnu i stalno rastu\u0107u biblioteku videa, interaktivnih lekcija i mikro-modula. Dizajnirano za anga\u017eman i dugotrajnost. Uz podr\u0161ku pouzdanog partnera za sigurnost \u2013 GoldPhish.\t\t\t\t\t\t\t\t<\/div>\n\t\t<div class=\"elementor-element elementor-element-9c54fa1 e-con-full e-flex e-con e-child\" data-id=\"9c54fa1\" data-element_type=\"container\" data-e-type=\"container\">\n\t\t\t\t<div class=\"elementor-element elementor-element-2c0e617 elementor-align-justify elementor-widget__width-initial elementor-widget-mobile__width-inherit elementor-widget elementor-widget-button\" data-id=\"2c0e617\" data-element_type=\"widget\" data-e-type=\"widget\" data-widget_type=\"button.default\">\n\t\t\t\t\t\t\t\t\t\t<a class=\"elementor-button elementor-button-link elementor-size-sm\" href=\"https:\/\/wise-r.com\/hr\/free-training\/\">\n\t\t\t\t\t\t<span class=\"elementor-button-content-wrapper\">\n\t\t\t\t\t\t\t\t\t<span class=\"elementor-button-text\">Pokrenite besplatni trening<\/span>\n\t\t\t\t\t<\/span>\n\t\t\t\t\t<\/a>\n\t\t\t\t\t\t\t\t<\/div>\n\t\t\t\t<div class=\"elementor-element elementor-element-d3db04c elementor-align-justify elementor-widget__width-initial elementor-widget-mobile__width-inherit elementor-widget elementor-widget-button\" data-id=\"d3db04c\" data-element_type=\"widget\" data-e-type=\"widget\" data-widget_type=\"button.default\">\n\t\t\t\t\t\t\t\t\t\t<a class=\"elementor-button elementor-button-link elementor-size-sm\" href=\"https:\/\/wise-r.com\/hr\/about-us\/\">\n\t\t\t\t\t\t<span class=\"elementor-button-content-wrapper\">\n\t\t\t\t\t\t\t\t\t<span class=\"elementor-button-text\">O nama<\/span>\n\t\t\t\t\t<\/span>\n\t\t\t\t\t<\/a>\n\t\t\t\t\t\t\t\t<\/div>\n\t\t\t\t<\/div>\n\t\t\t\t<\/div>\n\t\t\t\t\t<\/div>\n\t\t\t\t<\/div>\n\t\t<div class=\"elementor-element elementor-element-191324e e-flex e-con-boxed e-con e-parent\" data-id=\"191324e\" data-element_type=\"container\" data-e-type=\"container\" data-settings=\"{&quot;background_background&quot;:&quot;classic&quot;}\">\n\t\t\t\t\t<div class=\"e-con-inner\">\n\t\t<div class=\"elementor-element elementor-element-fe2f99f e-con-full e-flex e-con e-child\" data-id=\"fe2f99f\" data-element_type=\"container\" data-e-type=\"container\" data-settings=\"{&quot;background_background&quot;:&quot;gradient&quot;}\">\n\t\t\t\t<div class=\"elementor-element elementor-element-a118b48 elementor-widget elementor-widget-heading\" data-id=\"a118b48\" data-element_type=\"widget\" data-e-type=\"widget\" data-widget_type=\"heading.default\">\n\t\t\t\t\t<h2 class=\"elementor-heading-title elementor-size-default\">Obuka koja donosi rezultate<\/h2>\t\t\t\t<\/div>\n\t\t\t\t<div class=\"elementor-element elementor-element-21d754f elementor-widget__width-initial elementor-widget-mobile__width-inherit elementor-widget elementor-widget-text-editor\" data-id=\"21d754f\" data-element_type=\"widget\" data-e-type=\"widget\" data-widget_type=\"text-editor.default\">\n\t\t\t\t\t\t\t\t\tNa\u0161 sadr\u017eaj nije samo informativan \u2014 on je nezaboravan. Osmi\u0161ljen kako bi potaknuo stvarnu, trajnu promjenu pona\u0161anja, pokriva temeljna na\u010dela kiberneti\u010dke sigurnosti kroz kreativnu i dojmljivu prezentaciju.\t\t\t\t\t\t\t\t<\/div>\n\t\t\t\t<\/div>\n\t\t<div class=\"elementor-element elementor-element-04df210 e-con-full e-flex e-con e-child\" data-id=\"04df210\" data-element_type=\"container\" data-e-type=\"container\">\n\t\t<div class=\"elementor-element elementor-element-0137c84 e-con-full e-flex e-con e-child\" data-id=\"0137c84\" data-element_type=\"container\" data-e-type=\"container\" data-settings=\"{&quot;background_background&quot;:&quot;classic&quot;}\">\n\t\t\t\t<div class=\"elementor-element elementor-element-c0d9918 elementor-widget elementor-widget-heading\" data-id=\"c0d9918\" data-element_type=\"widget\" data-e-type=\"widget\" data-widget_type=\"heading.default\">\n\t\t\t\t\t<h2 class=\"elementor-heading-title elementor-size-default\">Moduli<\/h2>\t\t\t\t<\/div>\n\t\t\t\t<div class=\"elementor-element elementor-element-7e751f7 elementor-widget elementor-widget-image\" data-id=\"7e751f7\" data-element_type=\"widget\" data-e-type=\"widget\" data-widget_type=\"image.default\">\n\t\t\t\t\t\t\t\t\t\t\t\t\t\t\t<img fetchpriority=\"high\" decoding=\"async\" width=\"465\" height=\"304\" src=\"https:\/\/wise-r.com\/wp-content\/uploads\/2025\/08\/Content-Thumbnails-01.png\" class=\"attachment-large size-large wp-image-671\" alt=\"\" srcset=\"https:\/\/wise-r.com\/wp-content\/uploads\/2025\/08\/Content-Thumbnails-01.png 465w, https:\/\/wise-r.com\/wp-content\/uploads\/2025\/08\/Content-Thumbnails-01-300x196.png 300w\" sizes=\"(max-width: 465px) 100vw, 465px\" \/>\t\t\t\t\t\t\t\t\t\t\t\t\t\t\t<\/div>\n\t\t\t\t<div class=\"elementor-element elementor-element-09c0c30 elementor-widget elementor-widget-text-editor\" data-id=\"09c0c30\" data-element_type=\"widget\" data-e-type=\"widget\" data-widget_type=\"text-editor.default\">\n\t\t\t\t\t\t\t\t\tKratke obuke osmi\u0161ljene za brzo razumijevanje i dugotrajan u\u010dinak\t\t\t\t\t\t\t\t<\/div>\n\t\t\t\t<\/div>\n\t\t<div class=\"elementor-element elementor-element-0fd0567 e-con-full e-flex e-con e-child\" data-id=\"0fd0567\" data-element_type=\"container\" data-e-type=\"container\" data-settings=\"{&quot;background_background&quot;:&quot;classic&quot;}\">\n\t\t\t\t<div class=\"elementor-element elementor-element-d18c39a elementor-widget elementor-widget-heading\" data-id=\"d18c39a\" data-element_type=\"widget\" data-e-type=\"widget\" data-widget_type=\"heading.default\">\n\t\t\t\t\t<h2 class=\"elementor-heading-title elementor-size-default\">Mikro moduli<\/h2>\t\t\t\t<\/div>\n\t\t\t\t<div class=\"elementor-element elementor-element-883b16a elementor-widget elementor-widget-image\" data-id=\"883b16a\" data-element_type=\"widget\" data-e-type=\"widget\" data-widget_type=\"image.default\">\n\t\t\t\t\t\t\t\t\t\t\t\t\t\t\t<img decoding=\"async\" width=\"465\" height=\"304\" src=\"https:\/\/wise-r.com\/wp-content\/uploads\/2025\/08\/Content-Thumbnails-02.png\" class=\"attachment-large size-large wp-image-670\" alt=\"\" srcset=\"https:\/\/wise-r.com\/wp-content\/uploads\/2025\/08\/Content-Thumbnails-02.png 465w, https:\/\/wise-r.com\/wp-content\/uploads\/2025\/08\/Content-Thumbnails-02-300x196.png 300w\" sizes=\"(max-width: 465px) 100vw, 465px\" \/>\t\t\t\t\t\t\t\t\t\t\t\t\t\t\t<\/div>\n\t\t\t\t<div class=\"elementor-element elementor-element-5d26e60 elementor-widget elementor-widget-text-editor\" data-id=\"5d26e60\" data-element_type=\"widget\" data-e-type=\"widget\" data-widget_type=\"text-editor.default\">\n\t\t\t\t\t\t\t\t\tKompaktne lekcije bez stru\u010dnog \u017eargona koje se pamte, a ne preoptere\u0107uju\t\t\t\t\t\t\t\t<\/div>\n\t\t\t\t<\/div>\n\t\t<div class=\"elementor-element elementor-element-eaa77a7 e-con-full e-flex e-con e-child\" data-id=\"eaa77a7\" data-element_type=\"container\" data-e-type=\"container\" data-settings=\"{&quot;background_background&quot;:&quot;classic&quot;}\">\n\t\t\t\t<div class=\"elementor-element elementor-element-8dd94e7 elementor-widget elementor-widget-heading\" data-id=\"8dd94e7\" data-element_type=\"widget\" data-e-type=\"widget\" data-widget_type=\"heading.default\">\n\t\t\t\t\t<h2 class=\"elementor-heading-title elementor-size-default\">Video<\/h2>\t\t\t\t<\/div>\n\t\t\t\t<div class=\"elementor-element elementor-element-601c220 elementor-widget elementor-widget-image\" data-id=\"601c220\" data-element_type=\"widget\" data-e-type=\"widget\" data-widget_type=\"image.default\">\n\t\t\t\t\t\t\t\t\t\t\t\t\t\t\t<img decoding=\"async\" width=\"465\" height=\"304\" src=\"https:\/\/wise-r.com\/wp-content\/uploads\/2025\/08\/Content-Thumbnails-03.png\" class=\"attachment-large size-large wp-image-669\" alt=\"\" srcset=\"https:\/\/wise-r.com\/wp-content\/uploads\/2025\/08\/Content-Thumbnails-03.png 465w, https:\/\/wise-r.com\/wp-content\/uploads\/2025\/08\/Content-Thumbnails-03-300x196.png 300w\" sizes=\"(max-width: 465px) 100vw, 465px\" \/>\t\t\t\t\t\t\t\t\t\t\t\t\t\t\t<\/div>\n\t\t\t\t<div class=\"elementor-element elementor-element-a258d29 elementor-widget elementor-widget-text-editor\" data-id=\"a258d29\" data-element_type=\"widget\" data-e-type=\"widget\" data-widget_type=\"text-editor.default\">\n\t\t\t\t\t\t\t\t\tDinami\u010dno vizualno u\u010denje koje je lako pratiti i te\u0161ko zaboraviti\t\t\t\t\t\t\t\t<\/div>\n\t\t\t\t<\/div>\n\t\t\t\t<\/div>\n\t\t\t\t\t<\/div>\n\t\t\t\t<\/div>\n\t\t<div class=\"elementor-element elementor-element-2537009 e-flex e-con-boxed e-con e-parent\" data-id=\"2537009\" data-element_type=\"container\" data-e-type=\"container\" data-settings=\"{&quot;background_background&quot;:&quot;classic&quot;}\">\n\t\t\t\t\t<div class=\"e-con-inner\">\n\t\t<div class=\"elementor-element elementor-element-e196f5b e-grid e-con-full e-con e-child\" data-id=\"e196f5b\" data-element_type=\"container\" data-e-type=\"container\">\n\t\t\t\t<div class=\"elementor-element elementor-element-c5f1b83 elementor-position-left elementor-vertical-align-top elementor-widget elementor-widget-image-box\" data-id=\"c5f1b83\" data-element_type=\"widget\" data-e-type=\"widget\" data-widget_type=\"image-box.default\">\n\t\t\t\t\t<div class=\"elementor-image-box-wrapper\"><figure class=\"elementor-image-box-img\"><img loading=\"lazy\" decoding=\"async\" width=\"154\" height=\"140\" src=\"https:\/\/wise-r.com\/wp-content\/uploads\/2025\/08\/Phishing-Simulator-07.png\" class=\"attachment-full size-full wp-image-631\" alt=\"\" \/><\/figure><div class=\"elementor-image-box-content\"><h3 class=\"elementor-image-box-title\">Pove\u0107ajte produktivnost, a ne dosadu<\/h3><p class=\"elementor-image-box-description\">Obuka visokog u\u010dinka koja se uklapa u va\u0161 dan \u2014 u\u010dite brzo, vratite se poslu odmah<\/p><\/div><\/div>\t\t\t\t<\/div>\n\t\t\t\t<div class=\"elementor-element elementor-element-2bf9db5 elementor-position-left elementor-vertical-align-top elementor-widget elementor-widget-image-box\" data-id=\"2bf9db5\" data-element_type=\"widget\" data-e-type=\"widget\" data-widget_type=\"image-box.default\">\n\t\t\t\t\t<div class=\"elementor-image-box-wrapper\"><figure class=\"elementor-image-box-img\"><img loading=\"lazy\" decoding=\"async\" width=\"116\" height=\"105\" src=\"https:\/\/wise-r.com\/wp-content\/uploads\/2025\/08\/Platform-icon-07.png\" class=\"attachment-full size-full wp-image-536\" alt=\"\" \/><\/figure><div class=\"elementor-image-box-content\"><h3 class=\"elementor-image-box-title\">Potaknite promjenu kulture<\/h3><p class=\"elementor-image-box-description\">Pretvorite sigurnost iz zadatka u na\u010din razmi\u0161ljanja. Obuka koja gradi cyber-svjesne zaposlenike za dugoro\u010dni uspjeh.<\/p><\/div><\/div>\t\t\t\t<\/div>\n\t\t\t\t<\/div>\n\t\t\t\t\t<\/div>\n\t\t\t\t<\/div>\n\t\t<div class=\"elementor-element elementor-element-214311c e-flex e-con-boxed e-con e-parent\" data-id=\"214311c\" data-element_type=\"container\" data-e-type=\"container\" data-settings=\"{&quot;background_background&quot;:&quot;classic&quot;}\">\n\t\t\t\t\t<div class=\"e-con-inner\">\n\t\t\t\t<div class=\"elementor-element elementor-element-9aad34e elementor-widget elementor-widget-image\" data-id=\"9aad34e\" data-element_type=\"widget\" data-e-type=\"widget\" data-widget_type=\"image.default\">\n\t\t\t\t\t\t\t\t\t\t\t\t\t\t\t<img loading=\"lazy\" decoding=\"async\" width=\"800\" height=\"239\" src=\"https:\/\/wise-r.com\/wp-content\/uploads\/2025\/08\/Copy-of-Training-Thumbnails-04-1024x306.png\" class=\"attachment-large size-large wp-image-715\" alt=\"\" srcset=\"https:\/\/wise-r.com\/wp-content\/uploads\/2025\/08\/Copy-of-Training-Thumbnails-04-1024x306.png 1024w, https:\/\/wise-r.com\/wp-content\/uploads\/2025\/08\/Copy-of-Training-Thumbnails-04-300x90.png 300w, https:\/\/wise-r.com\/wp-content\/uploads\/2025\/08\/Copy-of-Training-Thumbnails-04-768x230.png 768w, https:\/\/wise-r.com\/wp-content\/uploads\/2025\/08\/Copy-of-Training-Thumbnails-04.png 1284w\" sizes=\"(max-width: 800px) 100vw, 800px\" \/>\t\t\t\t\t\t\t\t\t\t\t\t\t\t\t<\/div>\n\t\t\t\t<div class=\"elementor-element elementor-element-a01c033 elementor-widget elementor-widget-text-editor\" data-id=\"a01c033\" data-element_type=\"widget\" data-e-type=\"widget\" data-widget_type=\"text-editor.default\">\n\t\t\t\t\t\t\t\t\t*Biblioteka edukativnog sadr\u017eaja a\u017eurira se tromjese\u010dno\t\t\t\t\t\t\t\t<\/div>\n\t\t\t\t<div class=\"elementor-element elementor-element-4a880d8 elementor-widget elementor-widget-image\" data-id=\"4a880d8\" data-element_type=\"widget\" data-e-type=\"widget\" data-widget_type=\"image.default\">\n\t\t\t\t\t\t\t\t\t\t\t\t\t\t\t<img loading=\"lazy\" decoding=\"async\" width=\"756\" height=\"216\" src=\"https:\/\/wise-r.com\/wp-content\/uploads\/2025\/08\/NCSC-AMPG.png\" class=\"attachment-large size-large wp-image-716\" alt=\"\" srcset=\"https:\/\/wise-r.com\/wp-content\/uploads\/2025\/08\/NCSC-AMPG.png 756w, https:\/\/wise-r.com\/wp-content\/uploads\/2025\/08\/NCSC-AMPG-300x86.png 300w\" sizes=\"(max-width: 756px) 100vw, 756px\" \/>\t\t\t\t\t\t\t\t\t\t\t\t\t\t\t<\/div>\n\t\t\t\t\t<\/div>\n\t\t\t\t<\/div>\n\t\t\t\t<\/div>","protected":false},"excerpt":{"rendered":"<p>Elevate Awareness with Content That Sticks Bring a culture of cyber vigilance to life with our dynamic and ever-expanding library of videos, interactive lessons, and micro-modules. Designed to engage and to endure. Powered by your trusted partner in security, GoldPhish. Start Free Training About Us Training That Delivers Results Our content isn\u2019t just informative\u2014it\u2019s unforgettable. [&hellip;]<\/p>\n","protected":false},"author":1,"featured_media":0,"parent":0,"menu_order":0,"comment_status":"closed","ping_status":"closed","template":"elementor_header_footer","meta":{"footnotes":""},"class_list":["post-19","page","type-page","status-publish","hentry"],"_links":{"self":[{"href":"https:\/\/wise-r.com\/hr\/wp-json\/wp\/v2\/pages\/19","targetHints":{"allow":["GET"]}}],"collection":[{"href":"https:\/\/wise-r.com\/hr\/wp-json\/wp\/v2\/pages"}],"about":[{"href":"https:\/\/wise-r.com\/hr\/wp-json\/wp\/v2\/types\/page"}],"author":[{"embeddable":true,"href":"https:\/\/wise-r.com\/hr\/wp-json\/wp\/v2\/users\/1"}],"replies":[{"embeddable":true,"href":"https:\/\/wise-r.com\/hr\/wp-json\/wp\/v2\/comments?post=19"}],"version-history":[{"count":52,"href":"https:\/\/wise-r.com\/hr\/wp-json\/wp\/v2\/pages\/19\/revisions"}],"predecessor-version":[{"id":1296,"href":"https:\/\/wise-r.com\/hr\/wp-json\/wp\/v2\/pages\/19\/revisions\/1296"}],"wp:attachment":[{"href":"https:\/\/wise-r.com\/hr\/wp-json\/wp\/v2\/media?parent=19"}],"curies":[{"name":"wp","href":"https:\/\/api.w.org\/{rel}","templated":true}]}}